{"id":66,"date":"2023-10-20T23:58:53","date_gmt":"2023-10-20T21:58:53","guid":{"rendered":"https:\/\/test.airnubeiro.es\/?page_id=66"},"modified":"2023-10-21T16:44:40","modified_gmt":"2023-10-21T14:44:40","slug":"bienvenido","status":"publish","type":"page","link":"https:\/\/test.airnubeiro.es\/","title":{"rendered":"Bienvenido!"},"content":{"rendered":"\n<p class=\"has-normal-font-size\" style=\"font-style:normal;font-weight:500\">\u00a1Te damos la bienvenida al Centro de Certificaciones de la compa\u00f1\u00eda! Aqu\u00ed encontraras el acceso a los ex\u00e1menes te\u00f3ricos de los distintos check-up as\u00ed como del propio test inicial.<\/p>\n\n\n\n<p class=\"has-normal-font-size\" style=\"font-style:normal;font-weight:500\">Si vienes directo a completar el test inicial debes saber que se trata de una prueba orientativa de tus conocimientos y que puede ser determinante para tu entrada en Air Nubeiro. Para aprobar debes acertar, como m\u00ednimo, el 75% de las preguntas del test. Tan pronto como tengamos tus resultados, nos pondremos en contacto contigo para indicarte los siguientes pasos en el proceso de entrada. \u00a1Bienvenido a bordo!<\/p>\n\n\n\n<p class=\"has-normal-font-size\" style=\"font-style:normal;font-weight:500\">Si, por el contrario, tu visita se debe a la futura realizaci\u00f3n de un chek-up, todas las instrucciones del proceso te las facilitar\u00e1 cualquier examinador. Estamos encantados de ayudarte a trav\u00e9s de discord o mediante el correo electr\u00f3nico de formaci\u00f3n: <a href=\"mailto:formacion@airnubeiro.es\">formacion@airnubeiro.es<\/a><\/p>\n\n\n\n<p class=\"has-normal-font-size\" style=\"font-style:normal;font-weight:500\">\u00a1Esperamos verte m\u00e1s por aqu\u00ed!<\/p>\n\n\n\n<p><em>Equipo de Air Nubeiro<\/em><\/p>\n","protected":false},"excerpt":{"rendered":"<p>\u00a1Te damos la bienvenida al Centro de Certificaciones de la compa\u00f1\u00eda! Aqu\u00ed encontraras el acceso a los ex\u00e1menes te\u00f3ricos de los distintos check-up as\u00ed como &hellip;<\/p>\n","protected":false},"author":1,"featured_media":0,"parent":0,"menu_order":0,"comment_status":"closed","ping_status":"closed","template":"","meta":{"footnotes":""},"class_list":["post-66","page","type-page","status-publish","hentry"],"_links":{"self":[{"href":"https:\/\/test.airnubeiro.es\/index.php?rest_route=\/wp\/v2\/pages\/66","targetHints":{"allow":["GET"]}}],"collection":[{"href":"https:\/\/test.airnubeiro.es\/index.php?rest_route=\/wp\/v2\/pages"}],"about":[{"href":"https:\/\/test.airnubeiro.es\/index.php?rest_route=\/wp\/v2\/types\/page"}],"author":[{"embeddable":true,"href":"https:\/\/test.airnubeiro.es\/index.php?rest_route=\/wp\/v2\/users\/1"}],"replies":[{"embeddable":true,"href":"https:\/\/test.airnubeiro.es\/index.php?rest_route=%2Fwp%2Fv2%2Fcomments&post=66"}],"version-history":[{"count":7,"href":"https:\/\/test.airnubeiro.es\/index.php?rest_route=\/wp\/v2\/pages\/66\/revisions"}],"predecessor-version":[{"id":118,"href":"https:\/\/test.airnubeiro.es\/index.php?rest_route=\/wp\/v2\/pages\/66\/revisions\/118"}],"wp:attachment":[{"href":"https:\/\/test.airnubeiro.es\/index.php?rest_route=%2Fwp%2Fv2%2Fmedia&parent=66"}],"curies":[{"name":"wp","href":"https:\/\/api.w.org\/{rel}","templated":true}]}}